{"id":2860,"date":"2023-02-21T15:31:02","date_gmt":"2023-02-21T20:31:02","guid":{"rendered":"https:\/\/lpconstruction.ca\/our-team\/"},"modified":"2023-04-13T16:11:31","modified_gmt":"2023-04-13T20:11:31","slug":"notre-equipe","status":"publish","type":"page","link":"https:\/\/lpconstruction.ca\/fr\/notre-equipe\/","title":{"rendered":"Notre \u00e9quipe"},"content":{"rendered":"","protected":false},"excerpt":{"rendered":"","protected":false},"author":1,"featured_media":0,"parent":0,"menu_order":2,"comment_status":"closed","ping_status":"closed","template":"templates\/team.php","meta":{"_acf_changed":false,"footnotes":""},"class_list":["post-2860","page","type-page","status-publish","hentry"],"acf":[],"yoast_head":"<!-- This site is optimized with the Yoast SEO plugin v27.3 - https:\/\/yoast.com\/product\/yoast-seo-wordpress\/ -->\n<title>Rencontrez les sp\u00e9cialistes de restauration du b\u00e9ton et de l\u2019asphalte d\u2019Ottawa<\/title>\n<meta name=\"description\" content=\"Avec plus de 50 ans d\u2019exp\u00e9rience combin\u00e9e, Les Parisien Construction d\u00e9passe les attentes pour vos projets de restauration d\u2019asphalte, de pavage et de b\u00e9ton.\" \/>\n<meta name=\"robots\" content=\"index, follow, max-snippet:-1, max-image-preview:large, max-video-preview:-1\" \/>\n<link rel=\"canonical\" href=\"https:\/\/lpconstruction.ca\/fr\/notre-equipe\/\" \/>\n<meta property=\"og:locale\" content=\"fr_CA\" \/>\n<meta property=\"og:type\" content=\"article\" \/>\n<meta property=\"og:title\" content=\"Rencontrez les sp\u00e9cialistes de restauration du b\u00e9ton et de l\u2019asphalte d\u2019Ottawa\" \/>\n<meta property=\"og:description\" content=\"Avec plus de 50 ans d\u2019exp\u00e9rience combin\u00e9e, Les Parisien Construction d\u00e9passe les attentes pour vos projets de restauration d\u2019asphalte, de pavage et de b\u00e9ton.\" \/>\n<meta property=\"og:url\" content=\"https:\/\/lpconstruction.ca\/fr\/notre-equipe\/\" \/>\n<meta property=\"og:site_name\" content=\"LP Construction\" \/>\n<meta property=\"article:modified_time\" content=\"2023-04-13T20:11:31+00:00\" \/>\n<meta property=\"og:image\" content=\"https:\/\/lpconstruction.ca\/wp-content\/uploads\/2023\/03\/og_image_LP_Construction.png\" \/>\n\t<meta property=\"og:image:width\" content=\"1200\" \/>\n\t<meta property=\"og:image:height\" content=\"627\" \/>\n\t<meta property=\"og:image:type\" content=\"image\/png\" \/>\n<meta name=\"twitter:card\" content=\"summary_large_image\" \/>\n<script type=\"application\/ld+json\" class=\"yoast-schema-graph\">{\"@context\":\"https:\\\/\\\/schema.org\",\"@graph\":[{\"@type\":\"WebPage\",\"@id\":\"https:\\\/\\\/lpconstruction.ca\\\/fr\\\/notre-equipe\\\/\",\"url\":\"https:\\\/\\\/lpconstruction.ca\\\/fr\\\/notre-equipe\\\/\",\"name\":\"Rencontrez les sp\u00e9cialistes de restauration du b\u00e9ton et de l\u2019asphalte d\u2019Ottawa\",\"isPartOf\":{\"@id\":\"https:\\\/\\\/lpconstruction.ca\\\/#website\"},\"datePublished\":\"2023-02-21T20:31:02+00:00\",\"dateModified\":\"2023-04-13T20:11:31+00:00\",\"description\":\"Avec plus de 50 ans d\u2019exp\u00e9rience combin\u00e9e, Les Parisien Construction d\u00e9passe les attentes pour vos projets de restauration d\u2019asphalte, de pavage et de b\u00e9ton.\",\"breadcrumb\":{\"@id\":\"https:\\\/\\\/lpconstruction.ca\\\/fr\\\/notre-equipe\\\/#breadcrumb\"},\"inLanguage\":\"fr-CA\",\"potentialAction\":[{\"@type\":\"ReadAction\",\"target\":[\"https:\\\/\\\/lpconstruction.ca\\\/fr\\\/notre-equipe\\\/\"]}]},{\"@type\":\"BreadcrumbList\",\"@id\":\"https:\\\/\\\/lpconstruction.ca\\\/fr\\\/notre-equipe\\\/#breadcrumb\",\"itemListElement\":[{\"@type\":\"ListItem\",\"position\":1,\"name\":\"Home\",\"item\":\"https:\\\/\\\/lpconstruction.ca\\\/fr\\\/\"},{\"@type\":\"ListItem\",\"position\":2,\"name\":\"Notre \u00e9quipe\"}]},{\"@type\":\"WebSite\",\"@id\":\"https:\\\/\\\/lpconstruction.ca\\\/#website\",\"url\":\"https:\\\/\\\/lpconstruction.ca\\\/\",\"name\":\"Les Parisien Construction\",\"description\":\"\",\"publisher\":{\"@id\":\"https:\\\/\\\/lpconstruction.ca\\\/#organization\"},\"potentialAction\":[{\"@type\":\"SearchAction\",\"target\":{\"@type\":\"EntryPoint\",\"urlTemplate\":\"https:\\\/\\\/lpconstruction.ca\\\/?s={search_term_string}\"},\"query-input\":{\"@type\":\"PropertyValueSpecification\",\"valueRequired\":true,\"valueName\":\"search_term_string\"}}],\"inLanguage\":\"fr-CA\"},{\"@type\":\"Organization\",\"@id\":\"https:\\\/\\\/lpconstruction.ca\\\/#organization\",\"name\":\"LP Construction\",\"url\":\"https:\\\/\\\/lpconstruction.ca\\\/\",\"logo\":{\"@type\":\"ImageObject\",\"inLanguage\":\"fr-CA\",\"@id\":\"https:\\\/\\\/lpconstruction.ca\\\/#\\\/schema\\\/logo\\\/image\\\/\",\"url\":\"https:\\\/\\\/lpconstruction.ca\\\/wp-content\\\/uploads\\\/2023\\\/03\\\/LP_construction_logo.jpg\",\"contentUrl\":\"https:\\\/\\\/lpconstruction.ca\\\/wp-content\\\/uploads\\\/2023\\\/03\\\/LP_construction_logo.jpg\",\"width\":562,\"height\":207,\"caption\":\"LP Construction\"},\"image\":{\"@id\":\"https:\\\/\\\/lpconstruction.ca\\\/#\\\/schema\\\/logo\\\/image\\\/\"},\"sameAs\":[\"https:\\\/\\\/www.linkedin.com\\\/company\\\/les-parisien-construction-ltd\\\/\"]}]}<\/script>\n<!-- \/ Yoast SEO plugin. -->","yoast_head_json":{"title":"Rencontrez les sp\u00e9cialistes de restauration du b\u00e9ton et de l\u2019asphalte d\u2019Ottawa","description":"Avec plus de 50 ans d\u2019exp\u00e9rience combin\u00e9e, Les Parisien Construction d\u00e9passe les attentes pour vos projets de restauration d\u2019asphalte, de pavage et de b\u00e9ton.","robots":{"index":"index","follow":"follow","max-snippet":"max-snippet:-1","max-image-preview":"max-image-preview:large","max-video-preview":"max-video-preview:-1"},"canonical":"https:\/\/lpconstruction.ca\/fr\/notre-equipe\/","og_locale":"fr_CA","og_type":"article","og_title":"Rencontrez les sp\u00e9cialistes de restauration du b\u00e9ton et de l\u2019asphalte d\u2019Ottawa","og_description":"Avec plus de 50 ans d\u2019exp\u00e9rience combin\u00e9e, Les Parisien Construction d\u00e9passe les attentes pour vos projets de restauration d\u2019asphalte, de pavage et de b\u00e9ton.","og_url":"https:\/\/lpconstruction.ca\/fr\/notre-equipe\/","og_site_name":"LP Construction","article_modified_time":"2023-04-13T20:11:31+00:00","og_image":[{"width":1200,"height":627,"url":"https:\/\/lpconstruction.ca\/wp-content\/uploads\/2023\/03\/og_image_LP_Construction.png","type":"image\/png"}],"twitter_card":"summary_large_image","schema":{"@context":"https:\/\/schema.org","@graph":[{"@type":"WebPage","@id":"https:\/\/lpconstruction.ca\/fr\/notre-equipe\/","url":"https:\/\/lpconstruction.ca\/fr\/notre-equipe\/","name":"Rencontrez les sp\u00e9cialistes de restauration du b\u00e9ton et de l\u2019asphalte d\u2019Ottawa","isPartOf":{"@id":"https:\/\/lpconstruction.ca\/#website"},"datePublished":"2023-02-21T20:31:02+00:00","dateModified":"2023-04-13T20:11:31+00:00","description":"Avec plus de 50 ans d\u2019exp\u00e9rience combin\u00e9e, Les Parisien Construction d\u00e9passe les attentes pour vos projets de restauration d\u2019asphalte, de pavage et de b\u00e9ton.","breadcrumb":{"@id":"https:\/\/lpconstruction.ca\/fr\/notre-equipe\/#breadcrumb"},"inLanguage":"fr-CA","potentialAction":[{"@type":"ReadAction","target":["https:\/\/lpconstruction.ca\/fr\/notre-equipe\/"]}]},{"@type":"BreadcrumbList","@id":"https:\/\/lpconstruction.ca\/fr\/notre-equipe\/#breadcrumb","itemListElement":[{"@type":"ListItem","position":1,"name":"Home","item":"https:\/\/lpconstruction.ca\/fr\/"},{"@type":"ListItem","position":2,"name":"Notre \u00e9quipe"}]},{"@type":"WebSite","@id":"https:\/\/lpconstruction.ca\/#website","url":"https:\/\/lpconstruction.ca\/","name":"Les Parisien Construction","description":"","publisher":{"@id":"https:\/\/lpconstruction.ca\/#organization"},"potentialAction":[{"@type":"SearchAction","target":{"@type":"EntryPoint","urlTemplate":"https:\/\/lpconstruction.ca\/?s={search_term_string}"},"query-input":{"@type":"PropertyValueSpecification","valueRequired":true,"valueName":"search_term_string"}}],"inLanguage":"fr-CA"},{"@type":"Organization","@id":"https:\/\/lpconstruction.ca\/#organization","name":"LP Construction","url":"https:\/\/lpconstruction.ca\/","logo":{"@type":"ImageObject","inLanguage":"fr-CA","@id":"https:\/\/lpconstruction.ca\/#\/schema\/logo\/image\/","url":"https:\/\/lpconstruction.ca\/wp-content\/uploads\/2023\/03\/LP_construction_logo.jpg","contentUrl":"https:\/\/lpconstruction.ca\/wp-content\/uploads\/2023\/03\/LP_construction_logo.jpg","width":562,"height":207,"caption":"LP Construction"},"image":{"@id":"https:\/\/lpconstruction.ca\/#\/schema\/logo\/image\/"},"sameAs":["https:\/\/www.linkedin.com\/company\/les-parisien-construction-ltd\/"]}]}},"_links":{"self":[{"href":"https:\/\/lpconstruction.ca\/fr\/wp-json\/wp\/v2\/pages\/2860","targetHints":{"allow":["GET"]}}],"collection":[{"href":"https:\/\/lpconstruction.ca\/fr\/wp-json\/wp\/v2\/pages"}],"about":[{"href":"https:\/\/lpconstruction.ca\/fr\/wp-json\/wp\/v2\/types\/page"}],"author":[{"embeddable":true,"href":"https:\/\/lpconstruction.ca\/fr\/wp-json\/wp\/v2\/users\/1"}],"replies":[{"embeddable":true,"href":"https:\/\/lpconstruction.ca\/fr\/wp-json\/wp\/v2\/comments?post=2860"}],"version-history":[{"count":3,"href":"https:\/\/lpconstruction.ca\/fr\/wp-json\/wp\/v2\/pages\/2860\/revisions"}],"predecessor-version":[{"id":2978,"href":"https:\/\/lpconstruction.ca\/fr\/wp-json\/wp\/v2\/pages\/2860\/revisions\/2978"}],"wp:attachment":[{"href":"https:\/\/lpconstruction.ca\/fr\/wp-json\/wp\/v2\/media?parent=2860"}],"curies":[{"name":"wp","href":"https:\/\/api.w.org\/{rel}","templated":true}]}}